{"id":18923,"date":"2020-02-26T08:07:32","date_gmt":"2020-02-26T08:07:32","guid":{"rendered":"https:\/\/www.genillard-co.com\/?page_id=18923"},"modified":"2025-11-18T16:08:44","modified_gmt":"2025-11-18T15:08:44","slug":"vision","status":"publish","type":"page","link":"https:\/\/www.genillard-co.com\/de\/unternehmen\/vision\/","title":{"rendered":"Vision"},"content":{"rendered":"<div class=\"wpb-content-wrapper\"><p>[vc_row][vc_column width=&#8220;1\/2&#8243;][vc_column_text]<\/p>\r\n<h2 class=\"wp-block-heading\" style=\"text-align: center;\"><strong>Unsere Vision <br \/><\/strong><\/h2>\r\n\r\n<p>&nbsp;<\/p>\r\n\r\n<p style=\"text-align: center;\">Unser Ziel ist es, unseren Kunden wie Versicherern, MGAs und InsurTechs Beratung, Dienstleistungen sowie moderne Gesch\u00e4ftsentwicklungs-, Risikotransfer- und R\u00fcckversicherungsl\u00f6sungen anzubieten.<\/p>\r\n<p class=\"has-text-align-center\" style=\"text-align: center;\">Durch unsere Architektur aus Analytik, Monitoring und dem Management von Risiken tragen wir zum Erfolg unserer Kunden bei. Der Aufbau enger Beziehungen und Allianzen macht uns zum bevorzugten Partner f\u00fcr Innovationen, Auswertungen und Deckungskonzepte im Bereich Sonder- und Spezialversicherungen.<\/p>\r\n\r\n<p>&nbsp;<\/p>\r\n<p>[\/vc_column_text][\/vc_column][vc_column width=&#8220;1\/2&#8243;][vc_single_image image=&#8220;18902&#8243; img_size=&#8220;large&#8220; alignment=&#8220;right&#8220;][\/vc_column][\/vc_row]<\/p><\/div>","protected":false},"excerpt":{"rendered":"<p>[vc_row][vc_column width=&#8220;1\/2&#8243;][vc_column_text] Unsere Vision &nbsp; Unser Ziel ist es, unseren Kunden wie Versicherern, MGAs und InsurTechs Beratung, Dienstleistungen sowie moderne Gesch\u00e4ftsentwicklungs-, Risikotransfer- und R\u00fcckversicherungsl\u00f6sungen anzubieten. Durch unsere Architektur aus Analytik, Monitoring und dem Management von Risiken tragen wir zum Erfolg unserer Kunden bei. Der Aufbau enger Beziehungen und Allianzen macht uns zum bevorzugten Partner f\u00fcr&hellip; <a class=\"continue\" href=\"https:\/\/www.genillard-co.com\/de\/unternehmen\/vision\/\">Continue Reading<span> Vision<\/span><\/a><\/p>\n","protected":false},"author":17,"featured_media":0,"parent":5,"menu_order":3,"comment_status":"closed","ping_status":"closed","template":"","meta":{"footnotes":""},"class_list":["post-18923","page","type-page","status-publish","hentry","description-off"],"aioseo_notices":[],"_links":{"self":[{"href":"https:\/\/www.genillard-co.com\/de\/wp-json\/wp\/v2\/pages\/18923","targetHints":{"allow":["GET"]}}],"collection":[{"href":"https:\/\/www.genillard-co.com\/de\/wp-json\/wp\/v2\/pages"}],"about":[{"href":"https:\/\/www.genillard-co.com\/de\/wp-json\/wp\/v2\/types\/page"}],"author":[{"embeddable":true,"href":"https:\/\/www.genillard-co.com\/de\/wp-json\/wp\/v2\/users\/17"}],"replies":[{"embeddable":true,"href":"https:\/\/www.genillard-co.com\/de\/wp-json\/wp\/v2\/comments?post=18923"}],"version-history":[{"count":5,"href":"https:\/\/www.genillard-co.com\/de\/wp-json\/wp\/v2\/pages\/18923\/revisions"}],"predecessor-version":[{"id":22976,"href":"https:\/\/www.genillard-co.com\/de\/wp-json\/wp\/v2\/pages\/18923\/revisions\/22976"}],"up":[{"embeddable":true,"href":"https:\/\/www.genillard-co.com\/de\/wp-json\/wp\/v2\/pages\/5"}],"wp:attachment":[{"href":"https:\/\/www.genillard-co.com\/de\/wp-json\/wp\/v2\/media?parent=18923"}],"curies":[{"name":"wp","href":"https:\/\/api.w.org\/{rel}","templated":true}]}}